{"id":1641,"date":"2020-11-25T18:22:26","date_gmt":"2020-11-25T21:22:26","guid":{"rendered":"https:\/\/www.gasalva.cl\/insumos-medicos\/?post_type=product&#038;p=1641"},"modified":"2024-06-25T15:37:07","modified_gmt":"2024-06-25T19:37:07","slug":"munequera-ortopedica-con-ferula","status":"publish","type":"product","link":"https:\/\/www.gasalva.cl\/insumos-medicos\/producto\/munequera-ortopedica-con-ferula\/","title":{"rendered":"MU\u00d1EQUERA ORTOPEDICA CON FERULA"},"content":{"rendered":"","protected":false},"excerpt":{"rendered":"<p>&nbsp;<\/p>\n<p><strong>Descripci\u00f3n<\/strong><\/p>\n<p>Soporte de mu\u00f1eca acolchado y recubierta en su interior con tela<br \/>\nde algod\u00f3n. Lleva f\u00e9rula de aluminio removible y ajustable con cierre de contacto.<\/p>\n<p>&nbsp;<\/p>\n<p><strong>Indicaciones<\/strong><\/p>\n<p>Lesiones cr\u00f3nicas de mu\u00f1eca, post-traum\u00e1ticas o en el post-operatorio.<br \/>\nPar\u00e1lisis del nervio radial, mediano y ulnar<br \/>\nTratamiento conservador de tendinitis y tenosinovitis<br \/>\nArtrosis y artritis reumatoide.<\/p>\n<p>&nbsp;<\/p>\n<p>Certificaci\u00f3n de Norma ISO-9001\/2008 Secci\u00f3n 8.2.3 N\u00ba CL13\/20100668<br \/>\nRegistro del Instituto Nacional de Salud P\u00fablica N\u00ba EDM 198\/14<\/p>\n<p>&nbsp;<\/p>\n","protected":false},"featured_media":1651,"template":"","meta":{"_kad_post_transparent":"default","_kad_post_title":"","_kad_post_layout":"default","_kad_post_sidebar_id":"","_kad_post_content_style":"default","_kad_post_vertical_padding":"default","_kad_post_feature":"","_kad_post_feature_position":"","_kad_post_header":false,"_kad_post_footer":false},"product_brand":[],"product_cat":[140,95,92],"product_tag":[124,167,120],"class_list":{"0":"post-1641","1":"product","2":"type-product","3":"status-publish","4":"has-post-thumbnail","6":"product_cat-adulto","7":"product_cat-mano-y-muneca","8":"product_cat-ortopedia","9":"product_tag-blunding","10":"product_tag-munequera","11":"product_tag-ortopedia","13":"first","14":"instock","15":"shipping-taxable","16":"purchasable","17":"product-type-variable","18":"entry","19":"content-bg","20":"loop-entry"},"_links":{"self":[{"href":"https:\/\/www.gasalva.cl\/insumos-medicos\/wp-json\/wp\/v2\/product\/1641","targetHints":{"allow":["GET"]}}],"collection":[{"href":"https:\/\/www.gasalva.cl\/insumos-medicos\/wp-json\/wp\/v2\/product"}],"about":[{"href":"https:\/\/www.gasalva.cl\/insumos-medicos\/wp-json\/wp\/v2\/types\/product"}],"wp:featuredmedia":[{"embeddable":true,"href":"https:\/\/www.gasalva.cl\/insumos-medicos\/wp-json\/wp\/v2\/media\/1651"}],"wp:attachment":[{"href":"https:\/\/www.gasalva.cl\/insumos-medicos\/wp-json\/wp\/v2\/media?parent=1641"}],"wp:term":[{"taxonomy":"product_brand","embeddable":true,"href":"https:\/\/www.gasalva.cl\/insumos-medicos\/wp-json\/wp\/v2\/product_brand?post=1641"},{"taxonomy":"product_cat","embeddable":true,"href":"https:\/\/www.gasalva.cl\/insumos-medicos\/wp-json\/wp\/v2\/product_cat?post=1641"},{"taxonomy":"product_tag","embeddable":true,"href":"https:\/\/www.gasalva.cl\/insumos-medicos\/wp-json\/wp\/v2\/product_tag?post=1641"}],"curies":[{"name":"wp","href":"https:\/\/api.w.org\/{rel}","templated":true}]}}