{"id":1881,"date":"2021-01-18T17:49:50","date_gmt":"2021-01-18T20:49:50","guid":{"rendered":"https:\/\/www.gasalva.cl\/insumos-medicos\/?post_type=product&#038;p=1881"},"modified":"2024-06-27T13:35:22","modified_gmt":"2024-06-27T17:35:22","slug":"inmovilizador-de-rodilla","status":"publish","type":"product","link":"https:\/\/www.gasalva.cl\/insumos-medicos\/producto\/inmovilizador-de-rodilla\/","title":{"rendered":"INMOVILIZADOR DE RODILLA"},"content":{"rendered":"","protected":false},"excerpt":{"rendered":"<p>&nbsp;<\/p>\n<p><strong>Descripci\u00f3n<\/strong><\/p>\n<p class=\"ui-pdp-description__content\">Soporte de rodilla, confeccionado en laminado de velour con interior de<br \/>\nalgod\u00f3n posee dos f\u00e9rulas de duraluminio anat\u00f3mico y dos f\u00e9rulas lisas de duraluminio removibles, m\u00e1s bandas el\u00e1sticas libres de l\u00e1tex, ajustable con cierre de contacto. Inmoviliza en extensi\u00f3n la rodilla.<\/p>\n<p><strong>Indicaciones<\/strong><\/p>\n<ul>\n<li class=\"ui-pdp-description__content\">Tratamiento pre y post-quir\u00fargico de rodilla.<\/li>\n<li class=\"ui-pdp-description__content\">Fracturas sin desplazamiento en la regi\u00f3n de la rodilla<\/li>\n<\/ul>\n<p>&nbsp;<\/p>\n","protected":false},"featured_media":1886,"template":"","meta":{"_kad_post_transparent":"default","_kad_post_title":"","_kad_post_layout":"default","_kad_post_sidebar_id":"","_kad_post_content_style":"default","_kad_post_vertical_padding":"default","_kad_post_feature":"","_kad_post_feature_position":"","_kad_post_header":false,"_kad_post_footer":false},"product_brand":[],"product_cat":[140,92,97],"product_tag":[124,165,161],"class_list":{"0":"post-1881","1":"product","2":"type-product","3":"status-publish","4":"has-post-thumbnail","6":"product_cat-adulto","7":"product_cat-ortopedia","8":"product_cat-rodilla","9":"product_tag-blunding","10":"product_tag-inmovilizador","11":"product_tag-rodilla","13":"first","14":"instock","15":"shipping-taxable","16":"purchasable","17":"product-type-variable","18":"entry","19":"content-bg","20":"loop-entry"},"_links":{"self":[{"href":"https:\/\/www.gasalva.cl\/insumos-medicos\/wp-json\/wp\/v2\/product\/1881","targetHints":{"allow":["GET"]}}],"collection":[{"href":"https:\/\/www.gasalva.cl\/insumos-medicos\/wp-json\/wp\/v2\/product"}],"about":[{"href":"https:\/\/www.gasalva.cl\/insumos-medicos\/wp-json\/wp\/v2\/types\/product"}],"wp:featuredmedia":[{"embeddable":true,"href":"https:\/\/www.gasalva.cl\/insumos-medicos\/wp-json\/wp\/v2\/media\/1886"}],"wp:attachment":[{"href":"https:\/\/www.gasalva.cl\/insumos-medicos\/wp-json\/wp\/v2\/media?parent=1881"}],"wp:term":[{"taxonomy":"product_brand","embeddable":true,"href":"https:\/\/www.gasalva.cl\/insumos-medicos\/wp-json\/wp\/v2\/product_brand?post=1881"},{"taxonomy":"product_cat","embeddable":true,"href":"https:\/\/www.gasalva.cl\/insumos-medicos\/wp-json\/wp\/v2\/product_cat?post=1881"},{"taxonomy":"product_tag","embeddable":true,"href":"https:\/\/www.gasalva.cl\/insumos-medicos\/wp-json\/wp\/v2\/product_tag?post=1881"}],"curies":[{"name":"wp","href":"https:\/\/api.w.org\/{rel}","templated":true}]}}