{"id":2861,"date":"2021-09-07T19:59:32","date_gmt":"2021-09-07T22:59:32","guid":{"rendered":"https:\/\/www.gasalva.cl\/insumos-medicos\/?post_type=product&#038;p=2861"},"modified":"2024-06-25T11:45:55","modified_gmt":"2024-06-25T15:45:55","slug":"separador-de-rodilla-maxcare","status":"publish","type":"product","link":"https:\/\/www.gasalva.cl\/insumos-medicos\/producto\/separador-de-rodilla-maxcare\/","title":{"rendered":"Separador De Rodilla"},"content":{"rendered":"","protected":false},"excerpt":{"rendered":"<p><strong>Descripci\u00f3n\u00a0<\/strong><\/p>\n<p>Producto dise\u00f1ado para ser colocado entre las rodillas logrando as\u00ed que las piernas, caderas y espina dorsal est\u00e9n perfectamente alineadas, protegiendo tambi\u00e9n las rodillas.<\/p>\n<p>Mejora la circulaci\u00f3n sangu\u00ednea, proporcionando una sensaci\u00f3n de mayor relax y comodidad.<\/p>\n<p>Material: Espuma Viscoel\u00e1stica con memoria, 40 kg\/m3.<\/p>\n<p>Material cubierta: 100% poliester de 240 gram \/m2.<\/p>\n<p>Medidas: 27x20x20 cm.<\/p>\n","protected":false},"featured_media":2862,"template":"","meta":{"_kad_post_transparent":"default","_kad_post_title":"","_kad_post_layout":"default","_kad_post_sidebar_id":"","_kad_post_content_style":"default","_kad_post_vertical_padding":"default","_kad_post_feature":"","_kad_post_feature_position":"","_kad_post_header":false,"_kad_post_footer":false},"product_brand":[],"product_cat":[140,76,104,92,97],"product_tag":[288,289,161,287],"class_list":{"0":"post-2861","1":"product","2":"type-product","3":"status-publish","4":"has-post-thumbnail","6":"product_cat-adulto","7":"product_cat-higiene-y-cuidado","8":"product_cat-cuidado-del-paciente","9":"product_cat-ortopedia","10":"product_cat-rodilla","11":"product_tag-cojin","12":"product_tag-maxcare","13":"product_tag-rodilla","14":"product_tag-separador","16":"first","17":"instock","18":"shipping-taxable","19":"purchasable","20":"product-type-simple","21":"entry","22":"content-bg","23":"loop-entry"},"_links":{"self":[{"href":"https:\/\/www.gasalva.cl\/insumos-medicos\/wp-json\/wp\/v2\/product\/2861","targetHints":{"allow":["GET"]}}],"collection":[{"href":"https:\/\/www.gasalva.cl\/insumos-medicos\/wp-json\/wp\/v2\/product"}],"about":[{"href":"https:\/\/www.gasalva.cl\/insumos-medicos\/wp-json\/wp\/v2\/types\/product"}],"wp:featuredmedia":[{"embeddable":true,"href":"https:\/\/www.gasalva.cl\/insumos-medicos\/wp-json\/wp\/v2\/media\/2862"}],"wp:attachment":[{"href":"https:\/\/www.gasalva.cl\/insumos-medicos\/wp-json\/wp\/v2\/media?parent=2861"}],"wp:term":[{"taxonomy":"product_brand","embeddable":true,"href":"https:\/\/www.gasalva.cl\/insumos-medicos\/wp-json\/wp\/v2\/product_brand?post=2861"},{"taxonomy":"product_cat","embeddable":true,"href":"https:\/\/www.gasalva.cl\/insumos-medicos\/wp-json\/wp\/v2\/product_cat?post=2861"},{"taxonomy":"product_tag","embeddable":true,"href":"https:\/\/www.gasalva.cl\/insumos-medicos\/wp-json\/wp\/v2\/product_tag?post=2861"}],"curies":[{"name":"wp","href":"https:\/\/api.w.org\/{rel}","templated":true}]}}