{"id":3032,"date":"2022-03-24T13:18:07","date_gmt":"2022-03-24T16:18:07","guid":{"rendered":"https:\/\/www.gasalva.cl\/insumos-medicos\/?post_type=product&#038;p=3032"},"modified":"2023-02-14T16:52:04","modified_gmt":"2023-02-14T19:52:04","slug":"ortesis-para-tunel-carpiano-ambidiestro-blunding","status":"publish","type":"product","link":"https:\/\/www.gasalva.cl\/insumos-medicos\/producto\/ortesis-para-tunel-carpiano-ambidiestro-blunding\/","title":{"rendered":"Ortesis Para Tunel Carpiano Ambidiestro Blunding"},"content":{"rendered":"","protected":false},"excerpt":{"rendered":"<p>Soporte palmar confeccionado en velour y algod\u00f3n, con dos f\u00e9rulas de aluminio<br \/>\ny dos bandas de el\u00e1stico, ajustables con cierre de contacto, libre de l\u00e1tex.<br \/>\nIndicaci\u00f3n Inmovilizaci\u00f3n para s\u00edndrome del t\u00fanel carpiano<br \/>\nTratamiento ortop\u00e9dico para lesiones de tendones del carpo.<br \/>\n*Blunding recomienda utilizar este producto bajo prescripci\u00f3n m\u00e9dica.<br \/>\nCara Externa: 100% Poli\u00e9ster<br \/>\nCara Interna: 100% Algod\u00f3n<br \/>\nEl\u00e1stico: 73% Poli\u00e9ster \/ 21% Nylon \/ 6% Spandex<br \/>\nF\u00e9rula: 100% Aluminio<br \/>\nCierre de Contacto: 100% Nylon<\/p>\n","protected":false},"featured_media":3033,"template":"","meta":{"_kad_post_transparent":"default","_kad_post_title":"","_kad_post_layout":"default","_kad_post_sidebar_id":"","_kad_post_content_style":"default","_kad_post_vertical_padding":"default","_kad_post_feature":"","_kad_post_feature_position":"","_kad_post_header":false,"_kad_post_footer":false},"product_brand":[],"product_cat":[140,95,92],"product_tag":[124,160,293],"class_list":{"0":"post-3032","1":"product","2":"type-product","3":"status-publish","4":"has-post-thumbnail","6":"product_cat-adulto","7":"product_cat-mano-y-muneca","8":"product_cat-ortopedia","9":"product_tag-blunding","10":"product_tag-ortesis","11":"product_tag-tunel-carpiano","13":"first","14":"instock","15":"shipping-taxable","16":"purchasable","17":"product-type-simple","18":"entry","19":"content-bg","20":"loop-entry"},"_links":{"self":[{"href":"https:\/\/www.gasalva.cl\/insumos-medicos\/wp-json\/wp\/v2\/product\/3032","targetHints":{"allow":["GET"]}}],"collection":[{"href":"https:\/\/www.gasalva.cl\/insumos-medicos\/wp-json\/wp\/v2\/product"}],"about":[{"href":"https:\/\/www.gasalva.cl\/insumos-medicos\/wp-json\/wp\/v2\/types\/product"}],"wp:featuredmedia":[{"embeddable":true,"href":"https:\/\/www.gasalva.cl\/insumos-medicos\/wp-json\/wp\/v2\/media\/3033"}],"wp:attachment":[{"href":"https:\/\/www.gasalva.cl\/insumos-medicos\/wp-json\/wp\/v2\/media?parent=3032"}],"wp:term":[{"taxonomy":"product_brand","embeddable":true,"href":"https:\/\/www.gasalva.cl\/insumos-medicos\/wp-json\/wp\/v2\/product_brand?post=3032"},{"taxonomy":"product_cat","embeddable":true,"href":"https:\/\/www.gasalva.cl\/insumos-medicos\/wp-json\/wp\/v2\/product_cat?post=3032"},{"taxonomy":"product_tag","embeddable":true,"href":"https:\/\/www.gasalva.cl\/insumos-medicos\/wp-json\/wp\/v2\/product_tag?post=3032"}],"curies":[{"name":"wp","href":"https:\/\/api.w.org\/{rel}","templated":true}]}}