{"id":3036,"date":"2022-03-24T13:30:42","date_gmt":"2022-03-24T16:30:42","guid":{"rendered":"https:\/\/www.gasalva.cl\/insumos-medicos\/?post_type=product&#038;p=3036"},"modified":"2025-06-17T18:26:42","modified_gmt":"2025-06-17T22:26:42","slug":"soporte-para-hernia-inguinal","status":"publish","type":"product","link":"https:\/\/www.gasalva.cl\/insumos-medicos\/producto\/soporte-para-hernia-inguinal\/","title":{"rendered":"Soporte Para Hernia Inguinal"},"content":{"rendered":"","protected":false},"excerpt":{"rendered":"<p>Soporte para hernia inguinal confeccionado en tela toalla y en su interior de<br \/>\nalgod\u00f3n m\u00e1s el\u00e1stico afelpado libre de l\u00e1tex, con oclusores de silicona forrados<br \/>\nen algod\u00f3n y ajustable con cierre de contacto.<\/p>\n<p>Indicaci\u00f3n<br \/>\nEjercer compresi\u00f3n en el canal inguinal<br \/>\nSe puede usar para controlar la hernia en espera de la cirug\u00eda reparadora<br \/>\nSe puede usar ante diagn\u00f3stico de hernia inguinal izquierda, derecha o bilateral<br \/>\n*Blunding recomienda utilizar este producto bajo prescripci\u00f3n m\u00e9dica.<br \/>\nEl\u00e1stico: 73% Poli\u00e9ster \/ 21% Nylon \/ 6% Spandex<br \/>\nOclusores: 100% Silicona<br \/>\nCierre de Contacto: 100% Nylon<\/p>\n<p>TALLA S: Circunferencia Cadera: 90 cm o menos<br \/>\nTALLA M: Circunferencia Cadera: 90 &#8211; 100 cm<br \/>\nTALLA L: Circunferencia Cadera: 100 &#8211; 110 cm<br \/>\nTALLA XL: Circunferencia Cadera: 110 &#8211; 135 cm<\/p>\n","protected":false},"featured_media":3040,"template":"","meta":{"_kad_post_transparent":"default","_kad_post_title":"","_kad_post_layout":"default","_kad_post_sidebar_id":"","_kad_post_content_style":"default","_kad_post_vertical_padding":"default","_kad_post_feature":"","_kad_post_feature_position":"","_kad_post_header":false,"_kad_post_footer":false},"product_brand":[],"product_cat":[140,104,92],"product_tag":[124,297,298,193],"class_list":{"0":"post-3036","1":"product","2":"type-product","3":"status-publish","4":"has-post-thumbnail","6":"product_cat-adulto","7":"product_cat-cuidado-del-paciente","8":"product_cat-ortopedia","9":"product_tag-blunding","10":"product_tag-hernia","11":"product_tag-inguinal","12":"product_tag-soporte","14":"first","15":"instock","16":"shipping-taxable","17":"purchasable","18":"product-type-variable","19":"entry","20":"content-bg","21":"loop-entry"},"_links":{"self":[{"href":"https:\/\/www.gasalva.cl\/insumos-medicos\/wp-json\/wp\/v2\/product\/3036","targetHints":{"allow":["GET"]}}],"collection":[{"href":"https:\/\/www.gasalva.cl\/insumos-medicos\/wp-json\/wp\/v2\/product"}],"about":[{"href":"https:\/\/www.gasalva.cl\/insumos-medicos\/wp-json\/wp\/v2\/types\/product"}],"wp:featuredmedia":[{"embeddable":true,"href":"https:\/\/www.gasalva.cl\/insumos-medicos\/wp-json\/wp\/v2\/media\/3040"}],"wp:attachment":[{"href":"https:\/\/www.gasalva.cl\/insumos-medicos\/wp-json\/wp\/v2\/media?parent=3036"}],"wp:term":[{"taxonomy":"product_brand","embeddable":true,"href":"https:\/\/www.gasalva.cl\/insumos-medicos\/wp-json\/wp\/v2\/product_brand?post=3036"},{"taxonomy":"product_cat","embeddable":true,"href":"https:\/\/www.gasalva.cl\/insumos-medicos\/wp-json\/wp\/v2\/product_cat?post=3036"},{"taxonomy":"product_tag","embeddable":true,"href":"https:\/\/www.gasalva.cl\/insumos-medicos\/wp-json\/wp\/v2\/product_tag?post=3036"}],"curies":[{"name":"wp","href":"https:\/\/api.w.org\/{rel}","templated":true}]}}