{"id":3568,"date":"2023-02-14T05:59:19","date_gmt":"2023-02-14T08:59:19","guid":{"rendered":"https:\/\/www.gasalva.cl\/insumos-medicos\/?post_type=product&#038;p=3568"},"modified":"2024-12-30T13:41:12","modified_gmt":"2024-12-30T16:41:12","slug":"amplificador-auditivo-maxcare-certificacion-europea","status":"publish","type":"product","link":"https:\/\/www.gasalva.cl\/insumos-medicos\/producto\/amplificador-auditivo-maxcare-certificacion-europea\/","title":{"rendered":"Amplificador Auditivo Maxcare Certificaci\u00f3n Europea"},"content":{"rendered":"","protected":false},"excerpt":{"rendered":"<div class=\"grve-woo-tabs wc-tabs-wrapper\">\n<div id=\"tab-description\" class=\"panel entry-content wc-tab\">\n<div class=\"grve-container\">\n<p>Dispositivo electr\u00f3nico que amplifica y cambia el sonido para permitir una mejor comunicaci\u00f3n. Cuenta con un regulador del volumen con el que puede adaptar la intensidad del sonido a las necesidades del usuario. Caracter\u00edsticas T\u00e9cnicas: Nivel de amplificaci\u00f3n m\u00e1ximo de salida: 29 5dB. Frecuencia est\u00e1ndar: 800-1600 Hz. Uso continuo: 100 horas. Medidas: 20x105x14mm. Materiales: Dispositivo y estuche: Pl\u00e1stico ABS. Gomas de ajuste: Silicona. Peso producto: 8grs. Incluye: Bater\u00eda y goma de recambio. Fabricado en China.<\/p>\n<\/div>\n<\/div>\n<\/div>\n<div class=\"grve-container\"><\/div>\n<div id=\"grve-related-products\" class=\"grve-bookmark clearfix\">\n<div class=\"grve-container grve-margin-top-3x grve-padding-top-3x grve-border grve-border-top\">\n<div class=\"grve-wrapper\">\n<div class=\"related products\"><\/div>\n<\/div>\n<\/div>\n<\/div>\n","protected":false},"featured_media":3569,"template":"","meta":{"_kad_post_transparent":"default","_kad_post_title":"","_kad_post_layout":"default","_kad_post_sidebar_id":"","_kad_post_content_style":"default","_kad_post_vertical_padding":"default","_kad_post_feature":"","_kad_post_feature_position":"","_kad_post_header":false,"_kad_post_footer":false},"product_brand":[],"product_cat":[140,76,104,92,90],"product_tag":[345,289],"class_list":{"0":"post-3568","1":"product","2":"type-product","3":"status-publish","4":"has-post-thumbnail","6":"product_cat-adulto","7":"product_cat-higiene-y-cuidado","8":"product_cat-cuidado-del-paciente","9":"product_cat-ortopedia","10":"product_cat-insumos-medicos","11":"product_tag-amplificador-auditivo","12":"product_tag-maxcare","14":"first","15":"instock","16":"shipping-taxable","17":"purchasable","18":"product-type-simple","19":"entry","20":"content-bg","21":"loop-entry"},"_links":{"self":[{"href":"https:\/\/www.gasalva.cl\/insumos-medicos\/wp-json\/wp\/v2\/product\/3568","targetHints":{"allow":["GET"]}}],"collection":[{"href":"https:\/\/www.gasalva.cl\/insumos-medicos\/wp-json\/wp\/v2\/product"}],"about":[{"href":"https:\/\/www.gasalva.cl\/insumos-medicos\/wp-json\/wp\/v2\/types\/product"}],"wp:featuredmedia":[{"embeddable":true,"href":"https:\/\/www.gasalva.cl\/insumos-medicos\/wp-json\/wp\/v2\/media\/3569"}],"wp:attachment":[{"href":"https:\/\/www.gasalva.cl\/insumos-medicos\/wp-json\/wp\/v2\/media?parent=3568"}],"wp:term":[{"taxonomy":"product_brand","embeddable":true,"href":"https:\/\/www.gasalva.cl\/insumos-medicos\/wp-json\/wp\/v2\/product_brand?post=3568"},{"taxonomy":"product_cat","embeddable":true,"href":"https:\/\/www.gasalva.cl\/insumos-medicos\/wp-json\/wp\/v2\/product_cat?post=3568"},{"taxonomy":"product_tag","embeddable":true,"href":"https:\/\/www.gasalva.cl\/insumos-medicos\/wp-json\/wp\/v2\/product_tag?post=3568"}],"curies":[{"name":"wp","href":"https:\/\/api.w.org\/{rel}","templated":true}]}}