{"id":3772,"date":"2025-01-21T14:16:33","date_gmt":"2025-01-21T17:16:33","guid":{"rendered":"https:\/\/www.gasalva.cl\/insumos-medicos\/?post_type=product&#038;p=3772"},"modified":"2025-01-21T14:16:34","modified_gmt":"2025-01-21T17:16:34","slug":"panty-compresion-140","status":"publish","type":"product","link":"https:\/\/www.gasalva.cl\/insumos-medicos\/producto\/panty-compresion-140\/","title":{"rendered":"PANTY COMPRESION 140"},"content":{"rendered":"<p>Medias preventivas de patolog\u00edas venosas y linf\u00e1ticas en etapa inicial. Ayudan a aliviar y prevenir la sensaci\u00f3n de pesadez e hinchaz\u00f3n de las piernas, facilitando el retorno venoso. Medias super transparentes y suaves que combina compresi\u00f3n graduada y elegancia en un solo producto. Compresiones: 14 mmHg y 18 mmHg. Formatos: Calceta (rodilla), topband (muslo) y panty.<\/p>\n<p>TALLAS: 1, 3, 4 Y 5<\/p>\n","protected":false},"excerpt":{"rendered":"<p>PANTY SWING SHEER&amp;SOFT 140 DEN<\/p>\n","protected":false},"featured_media":3768,"template":"","meta":{"_kad_post_transparent":"default","_kad_post_title":"","_kad_post_layout":"default","_kad_post_sidebar_id":"","_kad_post_content_style":"default","_kad_post_vertical_padding":"default","_kad_post_feature":"","_kad_post_feature_position":"","_kad_post_header":false,"_kad_post_footer":false},"product_brand":[],"product_cat":[76],"product_tag":[],"class_list":{"0":"post-3772","1":"product","2":"type-product","3":"status-publish","4":"has-post-thumbnail","6":"product_cat-higiene-y-cuidado","8":"first","9":"instock","10":"shipping-taxable","11":"purchasable","12":"product-type-simple","13":"entry","14":"content-bg","15":"loop-entry"},"_links":{"self":[{"href":"https:\/\/www.gasalva.cl\/insumos-medicos\/wp-json\/wp\/v2\/product\/3772","targetHints":{"allow":["GET"]}}],"collection":[{"href":"https:\/\/www.gasalva.cl\/insumos-medicos\/wp-json\/wp\/v2\/product"}],"about":[{"href":"https:\/\/www.gasalva.cl\/insumos-medicos\/wp-json\/wp\/v2\/types\/product"}],"wp:featuredmedia":[{"embeddable":true,"href":"https:\/\/www.gasalva.cl\/insumos-medicos\/wp-json\/wp\/v2\/media\/3768"}],"wp:attachment":[{"href":"https:\/\/www.gasalva.cl\/insumos-medicos\/wp-json\/wp\/v2\/media?parent=3772"}],"wp:term":[{"taxonomy":"product_brand","embeddable":true,"href":"https:\/\/www.gasalva.cl\/insumos-medicos\/wp-json\/wp\/v2\/product_brand?post=3772"},{"taxonomy":"product_cat","embeddable":true,"href":"https:\/\/www.gasalva.cl\/insumos-medicos\/wp-json\/wp\/v2\/product_cat?post=3772"},{"taxonomy":"product_tag","embeddable":true,"href":"https:\/\/www.gasalva.cl\/insumos-medicos\/wp-json\/wp\/v2\/product_tag?post=3772"}],"curies":[{"name":"wp","href":"https:\/\/api.w.org\/{rel}","templated":true}]}}